{"id":13,"date":"2025-08-06T15:37:51","date_gmt":"2025-08-06T15:37:51","guid":{"rendered":"https:\/\/connectflowcoach.com\/es\/services\/"},"modified":"2025-11-25T22:13:23","modified_gmt":"2025-11-25T22:13:23","slug":"coaching-personal","status":"publish","type":"page","link":"https:\/\/connectflowcoach.com\/es\/coaching-personal\/","title":{"rendered":"Coaching Personal"},"content":{"rendered":"\t\t<div data-elementor-type=\"wp-page\" data-elementor-id=\"13\" class=\"elementor elementor-13\">\n\t\t\t\t<div class=\"elementor-element elementor-element-e94f533 e-flex e-con-boxed e-con e-parent\" data-id=\"e94f533\" data-element_type=\"container\" data-e-type=\"container\" data-settings=\"{&quot;background_background&quot;:&quot;classic&quot;}\">\n\t\t\t\t\t<div class=\"e-con-inner\">\n\t\t<div class=\"elementor-element elementor-element-dba8ee2 e-con-full e-flex e-con e-child\" data-id=\"dba8ee2\" data-element_type=\"container\" data-e-type=\"container\">\n\t\t\t\t<div class=\"elementor-element elementor-element-2d53483 elementor-widget-mobile__width-inherit animated-slow elementor-invisible elementor-widget elementor-widget-heading\" data-id=\"2d53483\" data-element_type=\"widget\" data-e-type=\"widget\" data-settings=\"{&quot;_animation&quot;:&quot;fadeIn&quot;}\" data-widget_type=\"heading.default\">\n\t\t\t\t<div class=\"elementor-widget-container\">\n\t\t\t\t\t<h1 class=\"elementor-heading-title elementor-size-default\">LO QUE OFREZCO<\/h1>\t\t\t\t<\/div>\n\t\t\t\t<\/div>\n\t\t\t\t<\/div>\n\t\t<div class=\"elementor-element elementor-element-a4a764a e-con-full e-flex e-con e-child\" data-id=\"a4a764a\" data-element_type=\"container\" data-e-type=\"container\">\n\t\t\t\t<div class=\"elementor-element elementor-element-2ada834 animated-slow elementor-invisible elementor-widget elementor-widget-image\" data-id=\"2ada834\" data-element_type=\"widget\" data-e-type=\"widget\" data-settings=\"{&quot;_animation&quot;:&quot;fadeIn&quot;}\" data-widget_type=\"image.default\">\n\t\t\t\t<div class=\"elementor-widget-container\">\n\t\t\t\t\t\t\t\t\t\t\t\t\t\t\t<img fetchpriority=\"high\" decoding=\"async\" width=\"1024\" height=\"683\" src=\"https:\/\/connectflowcoach.com\/es\/wp-content\/uploads\/2025\/08\/lauraolivaresmanchesterlifecoachpreview-12-1024x683.jpg\" class=\"attachment-large size-large wp-image-728\" alt=\"laura+olivares+manchester+lifecoach+preview 12\" srcset=\"https:\/\/connectflowcoach.com\/es\/wp-content\/uploads\/2025\/08\/lauraolivaresmanchesterlifecoachpreview-12-1024x683.jpg 1024w, https:\/\/connectflowcoach.com\/es\/wp-content\/uploads\/2025\/08\/lauraolivaresmanchesterlifecoachpreview-12-300x200.jpg 300w, https:\/\/connectflowcoach.com\/es\/wp-content\/uploads\/2025\/08\/lauraolivaresmanchesterlifecoachpreview-12-768x512.jpg 768w, https:\/\/connectflowcoach.com\/es\/wp-content\/uploads\/2025\/08\/lauraolivaresmanchesterlifecoachpreview-12-1536x1024.jpg 1536w, https:\/\/connectflowcoach.com\/es\/wp-content\/uploads\/2025\/08\/lauraolivaresmanchesterlifecoachpreview-12-2048x1365.jpg 2048w\" sizes=\"(max-width: 1024px) 100vw, 1024px\" title=\"Coaching Personal\">\t\t\t\t\t\t\t\t\t\t\t\t\t\t\t<\/div>\n\t\t\t\t<\/div>\n\t\t\t\t<\/div>\n\t\t\t\t\t<\/div>\n\t\t\t\t<\/div>\n\t\t<div class=\"elementor-element elementor-element-abdfbc6 e-flex e-con-boxed e-con e-parent\" data-id=\"abdfbc6\" data-element_type=\"container\" data-e-type=\"container\" data-settings=\"{&quot;background_background&quot;:&quot;classic&quot;}\">\n\t\t\t\t\t<div class=\"e-con-inner\">\n\t\t\t\t<div class=\"elementor-element elementor-element-52c78a3 elementor-widget-mobile__width-inherit elementor-widget elementor-widget-heading\" data-id=\"52c78a3\" data-element_type=\"widget\" data-e-type=\"widget\" data-widget_type=\"heading.default\">\n\t\t\t\t<div class=\"elementor-widget-container\">\n\t\t\t\t\t<h2 class=\"elementor-heading-title elementor-size-default\">Aclara tu camino. Recon\u00e9ctate con tu prop\u00f3sito. Crece con acompa\u00f1amiento.<\/h2>\t\t\t\t<\/div>\n\t\t\t\t<\/div>\n\t\t<div class=\"elementor-element elementor-element-74b08fe e-con-full e-flex e-con e-child\" data-id=\"74b08fe\" data-element_type=\"container\" data-e-type=\"container\">\n\t\t<div class=\"elementor-element elementor-element-773d063 e-con-full e-flex e-con e-child\" data-id=\"773d063\" data-element_type=\"container\" data-e-type=\"container\">\n\t\t\t\t<div class=\"elementor-element elementor-element-d5d18b1 elementor-widget elementor-widget-text-editor\" data-id=\"d5d18b1\" data-element_type=\"widget\" data-e-type=\"widget\" data-widget_type=\"text-editor.default\">\n\t\t\t\t<div class=\"elementor-widget-container\">\n\t\t\t\t\t\t\t\t\t<p data-start=\"84\" data-end=\"290\">A trav\u00e9s de un coaching online hecho a tu medida, centrado en claridad, prop\u00f3sito y alineaci\u00f3n, te acompa\u00f1o a hacer una pausa, reflexionar y reconectarte contigo mismo.<\/p><p data-start=\"292\" data-end=\"554\">Esta es la base de mi programa <strong data-start=\"323\" data-end=\"340\">Inner Compass<\/strong>, disponible en formatos de 3 y 6 sesiones, pensado para acompa\u00f1arte en tu crecimiento, ayudarte a recuperar el enfoque y crear un impulso que realmente se mantenga. M\u00e1s abajo encontrar\u00e1s todos los detalles del programa.<\/p>\t\t\t\t\t\t\t\t<\/div>\n\t\t\t\t<\/div>\n\t\t\t\t<\/div>\n\t\t\t\t<\/div>\n\t\t\t\t\t<\/div>\n\t\t\t\t<\/div>\n\t\t<div class=\"elementor-element elementor-element-713ede7 e-flex e-con-boxed e-con e-parent\" data-id=\"713ede7\" data-element_type=\"container\" data-e-type=\"container\">\n\t\t\t\t\t<div class=\"e-con-inner\">\n\t\t<div class=\"elementor-element elementor-element-ac75643 e-con-full e-flex e-con e-child\" data-id=\"ac75643\" data-element_type=\"container\" data-e-type=\"container\">\n\t\t<div class=\"elementor-element elementor-element-55560c7 e-con-full e-flex e-con e-child\" data-id=\"55560c7\" data-element_type=\"container\" data-e-type=\"container\">\n\t\t\t\t<div class=\"elementor-element elementor-element-85281af elementor-widget__width-initial elementor-widget elementor-widget-video\" data-id=\"85281af\" data-element_type=\"widget\" data-e-type=\"widget\" data-settings=\"{&quot;video_type&quot;:&quot;hosted&quot;,&quot;autoplay&quot;:&quot;yes&quot;,&quot;play_on_mobile&quot;:&quot;yes&quot;,&quot;controls&quot;:&quot;yes&quot;}\" data-widget_type=\"video.default\">\n\t\t\t\t<div class=\"elementor-widget-container\">\n\t\t\t\t\t\t\t<div class=\"e-hosted-video elementor-wrapper elementor-open-inline\">\n\t\t\t\t\t<video class=\"elementor-video\" src=\"https:\/\/connectflowcoach.com\/es\/wp-content\/uploads\/2025\/11\/Reyes-Website-no-background.mp4\" autoplay=\"\" controls=\"\" playsinline=\"\" controlsList=\"nodownload\" poster=\"https:\/\/connectflowcoach.com\/es\/wp-content\/uploads\/2025\/11\/1031-Cover.jpg\"><\/video>\n\t\t\t\t<\/div>\n\t\t\t\t\t\t<\/div>\n\t\t\t\t<\/div>\n\t\t\t\t<\/div>\n\t\t<div class=\"elementor-element elementor-element-8b06c2b e-con-full e-flex e-con e-child\" data-id=\"8b06c2b\" data-element_type=\"container\" data-e-type=\"container\">\n\t\t\t\t<div class=\"elementor-element elementor-element-f8c52be elementor-widget elementor-widget-text-editor\" data-id=\"f8c52be\" data-element_type=\"widget\" data-e-type=\"widget\" data-widget_type=\"text-editor.default\">\n\t\t\t\t<div class=\"elementor-widget-container\">\n\t\t\t\t\t\t\t\t\t<p><span style=\"color: #1d1922; font-size: 30px;\">Inner Compass Reset (Nivel 1)<\/span><\/p><p data-start=\"111\" data-end=\"417\">\u00bfSientes que sabes lo que quieres, pero te cuesta dar el siguiente paso? Este programa de coaching individual est\u00e1 dise\u00f1ado para ayudarte a <strong data-start=\"348\" data-end=\"372\">recuperar tu impulso<\/strong> y avanzar con confianza.<\/p><p data-start=\"401\" data-end=\"428\"><strong>Juntos trabajaremos para:<\/strong><\/p><ul><li data-start=\"431\" data-end=\"463\">Descubrir qu\u00e9 te est\u00e1 frenando<\/li><li data-start=\"466\" data-end=\"504\">Lograr claridad pr\u00e1ctica y emocional<\/li><li data-start=\"507\" data-end=\"577\">Crear un plan de acci\u00f3n personalizado que realmente funcione para ti<\/li><\/ul><p data-start=\"419\" data-end=\"433\"><strong data-start=\"419\" data-end=\"431\">Incluye:<\/strong><\/p><ul><li data-start=\"436\" data-end=\"525\"><strong>3 sesiones de coaching online<\/strong> 1:1 de 60 minutos (a realizarse en un plazo de 6 semanas)<\/li><li data-start=\"528\" data-end=\"583\"><strong>Gu\u00eda de preparaci\u00f3n<\/strong> para tus sesiones<\/li><li data-start=\"586\" data-end=\"641\"><strong>Plan de acci\u00f3n<\/strong> personalizado al finalizar la sesi\u00f3n 3<\/li><\/ul><p data-start=\"643\" data-end=\"809\"><strong data-start=\"643\" data-end=\"658\">Resultados:<\/strong><br data-start=\"658\" data-end=\"661\" \/>Al terminar, sabr\u00e1s exactamente qu\u00e9 te detiene, qu\u00e9 es lo que m\u00e1s importa y c\u00f3mo avanzar con <strong data-start=\"880\" data-end=\"920\">claridad, enfoque, prop\u00f3sito y calma<\/strong>. Sentir\u00e1s que tienes el control y la confianza para dar los pasos que antes parec\u00edan dif\u00edciles.<\/p>\t\t\t\t\t\t\t\t<\/div>\n\t\t\t\t<\/div>\n\t\t\t\t<div class=\"elementor-element elementor-element-48dc1c7 elementor-align-center elementor-widget elementor-widget-button\" data-id=\"48dc1c7\" data-element_type=\"widget\" data-e-type=\"widget\" data-widget_type=\"button.default\">\n\t\t\t\t<div class=\"elementor-widget-container\">\n\t\t\t\t\t\t\t\t\t<div class=\"elementor-button-wrapper\">\n\t\t\t\t\t<a class=\"elementor-button elementor-button-link elementor-size-sm\" href=\"https:\/\/tidycal.com\/lauraolivaresconnectflow\/discoverycall\" target=\"_blank\">\n\t\t\t\t\t\t<span class=\"elementor-button-content-wrapper\">\n\t\t\t\t\t\t\t\t\t<span class=\"elementor-button-text\">Hablemos en una llamada gratuita<\/span>\n\t\t\t\t\t<\/span>\n\t\t\t\t\t<\/a>\n\t\t\t\t<\/div>\n\t\t\t\t\t\t\t\t<\/div>\n\t\t\t\t<\/div>\n\t\t\t\t<div class=\"elementor-element elementor-element-2af7353 elementor-align-center elementor-widget elementor-widget-button\" data-id=\"2af7353\" data-element_type=\"widget\" data-e-type=\"widget\" data-widget_type=\"button.default\">\n\t\t\t\t<div class=\"elementor-widget-container\">\n\t\t\t\t\t\t\t\t\t<div class=\"elementor-button-wrapper\">\n\t\t\t\t\t<a class=\"elementor-button elementor-button-link elementor-size-sm\" href=\"https:\/\/connectflowcoach.com\/contact-me\/\" target=\"_blank\">\n\t\t\t\t\t\t<span class=\"elementor-button-content-wrapper\">\n\t\t\t\t\t\t\t\t\t<span class=\"elementor-button-text\">\u00bfAlguna pregunta? Escr\u00edbeme<\/span>\n\t\t\t\t\t<\/span>\n\t\t\t\t\t<\/a>\n\t\t\t\t<\/div>\n\t\t\t\t\t\t\t\t<\/div>\n\t\t\t\t<\/div>\n\t\t\t\t<\/div>\n\t\t\t\t<\/div>\n\t\t\t\t\t<\/div>\n\t\t\t\t<\/div>\n\t\t<div class=\"elementor-element elementor-element-da2a8f2 e-flex e-con-boxed e-con e-parent\" data-id=\"da2a8f2\" data-element_type=\"container\" data-e-type=\"container\">\n\t\t\t\t\t<div class=\"e-con-inner\">\n\t\t<div class=\"elementor-element elementor-element-9c47cbc e-con-full e-flex e-con e-child\" data-id=\"9c47cbc\" data-element_type=\"container\" data-e-type=\"container\">\n\t\t<div class=\"elementor-element elementor-element-4caeace e-con-full e-flex e-con e-child\" data-id=\"4caeace\" data-element_type=\"container\" data-e-type=\"container\">\n\t\t\t\t<div class=\"elementor-element elementor-element-9127488 elementor-widget elementor-widget-heading\" data-id=\"9127488\" data-element_type=\"widget\" data-e-type=\"widget\" data-widget_type=\"heading.default\">\n\t\t\t\t<div class=\"elementor-widget-container\">\n\t\t\t\t\t<h2 class=\"elementor-heading-title elementor-size-default\">Inner Compass Journey (Nivel 2)\n<\/h2>\t\t\t\t<\/div>\n\t\t\t\t<\/div>\n\t\t\t\t<div class=\"elementor-element elementor-element-d6e3de1 elementor-widget elementor-widget-text-editor\" data-id=\"d6e3de1\" data-element_type=\"widget\" data-e-type=\"widget\" data-widget_type=\"text-editor.default\">\n\t\t\t\t<div class=\"elementor-widget-container\">\n\t\t\t\t\t\t\t\t\t<p data-start=\"107\" data-end=\"301\">\u00bfBuscas una transformaci\u00f3n m\u00e1s profunda en tu vida? Este programa de coaching individual te acompa\u00f1a a trabajar con tus<strong> patrones de pensamiento<\/strong>, <strong>creencias limitantes<\/strong> y <strong>alineaci\u00f3n emocional<\/strong>, para que puedas avanzar con <strong>prop\u00f3sito<\/strong> y <strong>claridad<\/strong>.<\/p><p data-start=\"423\" data-end=\"450\"><b>Juntos trabajaremos para:<\/b><\/p><ul><li data-start=\"453\" data-end=\"492\">Reconectar con tus valores aut\u00e9nticos<\/li><li data-start=\"495\" data-end=\"541\">Identificar y liberar bloqueos que te frenan<\/li><li data-start=\"544\" data-end=\"607\">Crear un plan de acci\u00f3n alineado con lo que realmente importa<\/li><\/ul><p data-start=\"464\" data-end=\"478\"><strong data-start=\"464\" data-end=\"476\">Incluye:<\/strong><\/p><ul><li data-start=\"481\" data-end=\"554\"><strong>6 sesiones de coaching<\/strong> online 1:1 de 60 minutos (a lo largo de 3 meses)<\/li><li data-start=\"557\" data-end=\"593\"><strong>Gu\u00eda de reflexi\u00f3n<\/strong> previa al inicio<\/li><li data-start=\"596\" data-end=\"637\">Resumen y <strong>recursos<\/strong> a mitad del programa<\/li><li data-start=\"640\" data-end=\"682\">Reflexi\u00f3n final y plan de<strong> pr\u00f3ximos pasos<\/strong><\/li><\/ul><p data-start=\"684\" data-end=\"821\"><strong data-start=\"684\" data-end=\"699\">Resultados:<\/strong><br data-start=\"699\" data-end=\"702\" \/>Al finalizar, contar\u00e1s con un <strong data-start=\"877\" data-end=\"903\">mayor autoconocimiento<\/strong>, cambios pr\u00e1cticos en tu forma de pensar y una renovada <strong data-start=\"960\" data-end=\"973\">confianza<\/strong> para moverte con <strong data-start=\"991\" data-end=\"1026\">claridad, prop\u00f3sito y seguridad<\/strong>. Sentir\u00e1s que tus acciones est\u00e1n alineadas con tus valores y objetivos m\u00e1s importantes.<\/p>\t\t\t\t\t\t\t\t<\/div>\n\t\t\t\t<\/div>\n\t\t\t\t<\/div>\n\t\t<div class=\"elementor-element elementor-element-cb9018e e-con-full e-flex e-con e-child\" data-id=\"cb9018e\" data-element_type=\"container\" data-e-type=\"container\">\n\t\t\t\t<div class=\"elementor-element elementor-element-32983f7 elementor-hidden-mobile elementor-widget elementor-widget-image\" data-id=\"32983f7\" data-element_type=\"widget\" data-e-type=\"widget\" data-widget_type=\"image.default\">\n\t\t\t\t<div class=\"elementor-widget-container\">\n\t\t\t\t\t\t\t\t\t\t\t\t\t\t\t<img decoding=\"async\" width=\"667\" height=\"665\" src=\"https:\/\/connectflowcoach.com\/es\/wp-content\/uploads\/2025\/11\/Inner-Compass-logo-background.png\" class=\"attachment-large size-large wp-image-1108\" alt=\"inner compass logo background.png\" srcset=\"https:\/\/connectflowcoach.com\/es\/wp-content\/uploads\/2025\/11\/Inner-Compass-logo-background.png 667w, https:\/\/connectflowcoach.com\/es\/wp-content\/uploads\/2025\/11\/Inner-Compass-logo-background-300x300.png 300w, https:\/\/connectflowcoach.com\/es\/wp-content\/uploads\/2025\/11\/Inner-Compass-logo-background-150x150.png 150w\" sizes=\"(max-width: 667px) 100vw, 667px\" title=\"Coaching Personal\">\t\t\t\t\t\t\t\t\t\t\t\t\t\t\t<\/div>\n\t\t\t\t<\/div>\n\t\t\t\t<div class=\"elementor-element elementor-element-47b02ad elementor-align-center elementor-widget elementor-widget-button\" data-id=\"47b02ad\" data-element_type=\"widget\" data-e-type=\"widget\" data-widget_type=\"button.default\">\n\t\t\t\t<div class=\"elementor-widget-container\">\n\t\t\t\t\t\t\t\t\t<div class=\"elementor-button-wrapper\">\n\t\t\t\t\t<a class=\"elementor-button elementor-button-link elementor-size-sm\" href=\"https:\/\/connectflowcoach.com\/contact-me\/\" target=\"_blank\">\n\t\t\t\t\t\t<span class=\"elementor-button-content-wrapper\">\n\t\t\t\t\t\t\t\t\t<span class=\"elementor-button-text\">\u00bfAlguna pregunta? Escr\u00edbeme<\/span>\n\t\t\t\t\t<\/span>\n\t\t\t\t\t<\/a>\n\t\t\t\t<\/div>\n\t\t\t\t\t\t\t\t<\/div>\n\t\t\t\t<\/div>\n\t\t\t\t<div class=\"elementor-element elementor-element-ff510d7 elementor-align-center elementor-widget elementor-widget-button\" data-id=\"ff510d7\" data-element_type=\"widget\" data-e-type=\"widget\" data-widget_type=\"button.default\">\n\t\t\t\t<div class=\"elementor-widget-container\">\n\t\t\t\t\t\t\t\t\t<div class=\"elementor-button-wrapper\">\n\t\t\t\t\t<a class=\"elementor-button elementor-button-link elementor-size-sm\" href=\"https:\/\/tidycal.com\/lauraolivaresconnectflow\/discoverycall\" target=\"_blank\">\n\t\t\t\t\t\t<span class=\"elementor-button-content-wrapper\">\n\t\t\t\t\t\t\t\t\t<span class=\"elementor-button-text\">Hablemos en una llamada gratuita<\/span>\n\t\t\t\t\t<\/span>\n\t\t\t\t\t<\/a>\n\t\t\t\t<\/div>\n\t\t\t\t\t\t\t\t<\/div>\n\t\t\t\t<\/div>\n\t\t\t\t<\/div>\n\t\t\t\t<\/div>\n\t\t\t\t\t<\/div>\n\t\t\t\t<\/div>\n\t\t<div class=\"elementor-element elementor-element-32d3f64 e-flex e-con-boxed e-con e-child\" data-id=\"32d3f64\" data-element_type=\"container\" data-e-type=\"container\" data-settings=\"{&quot;background_background&quot;:&quot;classic&quot;}\">\n\t\t\t\t\t<div class=\"e-con-inner\">\n\t\t\t\t<div class=\"elementor-element elementor-element-6786032 animated-slow elementor-invisible elementor-widget elementor-widget-heading\" data-id=\"6786032\" data-element_type=\"widget\" data-e-type=\"widget\" data-settings=\"{&quot;_animation&quot;:&quot;fadeIn&quot;}\" data-widget_type=\"heading.default\">\n\t\t\t\t<div class=\"elementor-widget-container\">\n\t\t\t\t\t<h2 class=\"elementor-heading-title elementor-size-default\">Encuentra claridad. \u00a1Recon\u00e9ctate con tu verdadero yo!\n<\/h2>\t\t\t\t<\/div>\n\t\t\t\t<\/div>\n\t\t\t\t<div class=\"elementor-element elementor-element-99378b9 elementor-align-left elementor-tablet-align-center animated-slow elementor-invisible elementor-widget elementor-widget-button\" data-id=\"99378b9\" data-element_type=\"widget\" data-e-type=\"widget\" data-settings=\"{&quot;_animation&quot;:&quot;fadeIn&quot;}\" data-widget_type=\"button.default\">\n\t\t\t\t<div class=\"elementor-widget-container\">\n\t\t\t\t\t\t\t\t\t<div class=\"elementor-button-wrapper\">\n\t\t\t\t\t<a class=\"elementor-button elementor-button-link elementor-size-sm\" href=\"https:\/\/connectflowcoach.com\/es\/contact-me\/\">\n\t\t\t\t\t\t<span class=\"elementor-button-content-wrapper\">\n\t\t\t\t\t\t\t\t\t<span class=\"elementor-button-text\">conecta - Cu\u00e9ntame qu\u00e9 necesitas<\/span>\n\t\t\t\t\t<\/span>\n\t\t\t\t\t<\/a>\n\t\t\t\t<\/div>\n\t\t\t\t\t\t\t\t<\/div>\n\t\t\t\t<\/div>\n\t\t\t\t\t<\/div>\n\t\t\t\t<\/div>\n\t\t\t\t<\/div>\n\t\t","protected":false},"excerpt":{"rendered":"<p>LO QUE OFREZCO Aclara tu camino. Recon\u00e9ctate con tu prop\u00f3sito. Crece con acompa\u00f1amiento. A trav\u00e9s de un coaching online hecho a tu medida, centrado en claridad, prop\u00f3sito y alineaci\u00f3n, te acompa\u00f1o a hacer una pausa, reflexionar y reconectarte contigo mismo. Esta es la base de mi programa Inner Compass, disponible en formatos de 3 y [&hellip;]<\/p>\n","protected":false},"author":1,"featured_media":0,"parent":0,"menu_order":0,"comment_status":"closed","ping_status":"closed","template":"","meta":{"site-sidebar-layout":"no-sidebar","site-content-layout":"page-builder","ast-site-content-layout":"full-width-container","site-content-style":"unboxed","site-sidebar-style":"unboxed","ast-global-header-display":"","ast-banner-title-visibility":"","ast-main-header-display":"","ast-hfb-above-header-display":"","ast-hfb-below-header-display":"","ast-hfb-mobile-header-display":"","site-post-title":"disabled","ast-breadcrumbs-content":"","ast-featured-img":"disabled","footer-sml-layout":"","ast-disable-related-posts":"","theme-transparent-header-meta":"","adv-header-id-meta":"","stick-header-meta":"","header-above-stick-meta":"","header-main-stick-meta":"","header-below-stick-meta":"","astra-migrate-meta-layouts":"set","ast-page-background-enabled":"default","ast-page-background-meta":{"desktop":{"background-color":"","background-image":"","background-repeat":"repeat","background-position":"center center","background-size":"auto","background-attachment":"scroll","background-type":"","background-media":"","overlay-type":"","overlay-color":"","overlay-opacity":"","overlay-gradient":""},"tablet":{"background-color":"","background-image":"","background-repeat":"repeat","background-position":"center center","background-size":"auto","background-attachment":"scroll","background-type":"","background-media":"","overlay-type":"","overlay-color":"","overlay-opacity":"","overlay-gradient":""},"mobile":{"background-color":"","background-image":"","background-repeat":"repeat","background-position":"center center","background-size":"auto","background-attachment":"scroll","background-type":"","background-media":"","overlay-type":"","overlay-color":"","overlay-opacity":"","overlay-gradient":""}},"ast-content-background-meta":{"desktop":{"background-color":"var(--ast-global-color-5)","background-image":"","background-repeat":"repeat","background-position":"center center","background-size":"auto","background-attachment":"scroll","background-type":"","background-media":"","overlay-type":"","overlay-color":"","overlay-opacity":"","overlay-gradient":""},"tablet":{"background-color":"var(--ast-global-color-5)","background-image":"","background-repeat":"repeat","background-position":"center center","background-size":"auto","background-attachment":"scroll","background-type":"","background-media":"","overlay-type":"","overlay-color":"","overlay-opacity":"","overlay-gradient":""},"mobile":{"background-color":"var(--ast-global-color-5)","background-image":"","background-repeat":"repeat","background-position":"center center","background-size":"auto","background-attachment":"scroll","background-type":"","background-media":"","overlay-type":"","overlay-color":"","overlay-opacity":"","overlay-gradient":""}},"footnotes":""},"class_list":["post-13","page","type-page","status-publish","hentry"],"_links":{"self":[{"href":"https:\/\/connectflowcoach.com\/es\/wp-json\/wp\/v2\/pages\/13","targetHints":{"allow":["GET"]}}],"collection":[{"href":"https:\/\/connectflowcoach.com\/es\/wp-json\/wp\/v2\/pages"}],"about":[{"href":"https:\/\/connectflowcoach.com\/es\/wp-json\/wp\/v2\/types\/page"}],"author":[{"embeddable":true,"href":"https:\/\/connectflowcoach.com\/es\/wp-json\/wp\/v2\/users\/1"}],"replies":[{"embeddable":true,"href":"https:\/\/connectflowcoach.com\/es\/wp-json\/wp\/v2\/comments?post=13"}],"version-history":[{"count":152,"href":"https:\/\/connectflowcoach.com\/es\/wp-json\/wp\/v2\/pages\/13\/revisions"}],"predecessor-version":[{"id":1189,"href":"https:\/\/connectflowcoach.com\/es\/wp-json\/wp\/v2\/pages\/13\/revisions\/1189"}],"wp:attachment":[{"href":"https:\/\/connectflowcoach.com\/es\/wp-json\/wp\/v2\/media?parent=13"}],"curies":[{"name":"wp","href":"https:\/\/api.w.org\/{rel}","templated":true}]}}